{"id":1017,"date":"2024-02-13T07:32:19","date_gmt":"2024-02-13T06:32:19","guid":{"rendered":"https:\/\/rent.gazheli.al\/kontakti\/"},"modified":"2024-03-25T12:39:39","modified_gmt":"2024-03-25T11:39:39","slug":"kontakti","status":"publish","type":"page","link":"https:\/\/rent.gazheli.al\/sq\/kontakti\/","title":{"rendered":"Kontakti"},"content":{"rendered":"<div class=\"wpb-content-wrapper\"><p>[vc_row css=&#8221;.vc_custom_1710607041225{background-image: url(https:\/\/rent.gazheli.al\/wp-content\/uploads\/2024\/03\/gla.jpg?id=638) !important;background-position: center !important;background-repeat: no-repeat !important;background-size: cover !important;}&#8221; conditional_render=&#8221;%5B%7B%22value_role%22%3A%22administrator%22%7D%5D&#8221; el_class=&#8221;banner&#8221;][vc_column]<div class=\"porto-u-heading  wpb_custom_1d577cd536ffda6eaaa8c246759a8d64 porto-u-55ca8359258f9a412be7e73af65d2aac \"><div class=\"porto-u-main-heading\"><h2   style=\"color:#ffffff;\">Kontakti<\/h2><\/div><style>.porto-u-55ca8359258f9a412be7e73af65d2aac.porto-u-heading{text-align:center}<\/style><\/div>[\/vc_column][\/vc_row][vc_row wrap_container=&#8221;yes&#8221; gap=&#8221;35&#8243; is_section=&#8221;yes&#8221; section_skin=&#8221;parallax&#8221; el_class=&#8221;pb-3 mb-4 justify-content-center&#8221; css=&#8221;.vc_custom_1710587907290{padding-top: 90px !important;padding-bottom: 30px !important;}&#8221; conditional_render=&#8221;%5B%7B%22value_role%22%3A%22administrator%22%7D%5D&#8221;][vc_column width=&#8221;1\/4&#8243; el_class=&#8221;mb-5 mb-lg-0&#8243; offset=&#8221;vc_col-xs-6&#8243; conditional_render=&#8221;%5B%7B%22value_role%22%3A%22administrator%22%7D%5D&#8221;]<div class=\"porto-ultimate-content-box-container \"><div class=\"porto-ultimate-content-box vc_custom_1710585920104 porto_ucb_0061adbde3a19552265370abd0b4c716\" style=\"background-color:#f1f5fa;\" data-bg=\"#f1f5fa\"><a aria-label=\"Adresa Tirane\" class=\"porto-sicon-box-link\" href=\"https:\/\/maps.app.goo.gl\/ygp95ynZQt2BhNDLA\"><div class=\"porto-sicon-box  vc_custom_1710748868897 movetop  wpb_custom_8564209f51b2e3afcfccd4c926bda075 style_2 top-icon\"><div class=\"porto-sicon-top\"><div class=\"porto-just-icon-wrapper porto-icon square\" style=\"color:#ffffff;background:#3cbd46;font-size:36px;\"><i class=\"Simple-Line-Icons-location-pin\"><\/i><\/div><\/div><div class=\"porto-sicon-header\"><h3 class=\"porto-sicon-title\" style=\"font-weight:600;font-size:20px;color:#14184b;\">Adresa Tirane<\/h3><p>Rruga &apos;Asim Vokshi&apos;, Tirana<\/p><\/div> <!-- header --><\/div><!-- porto-sicon-box --><\/a><\/div><\/div>[\/vc_column][vc_column width=&#8221;1\/4&#8243; animation_delay=&#8221;2000&#8243; offset=&#8221;vc_col-xs-6&#8243; conditional_render=&#8221;%5B%7B%22value_role%22%3A%22administrator%22%7D%5D&#8221;]<div class=\"porto-ultimate-content-box-container \"><div class=\"porto-ultimate-content-box vc_custom_1710586049174 porto_ucb_0061adbde3a19552265370abd0b4c716\" style=\"background-color:#f1f5fa;\" data-bg=\"#f1f5fa\"><a aria-label=\"Rinas\" class=\"porto-sicon-box-link\" href=\"https:\/\/maps.app.goo.gl\/bC8gUNcaCmXRcnHe9\"><div class=\"porto-sicon-box  vc_custom_1710587040811 movetop  wpb_custom_8564209f51b2e3afcfccd4c926bda075 style_2 top-icon\"><div class=\"porto-sicon-top\"><div class=\"porto-just-icon-wrapper porto-icon square\" style=\"color:#ffffff;background:#253241;font-size:36px;\"><i class=\"Simple-Line-Icons-screen-smartphone\"><\/i><\/div><\/div><div class=\"porto-sicon-header\"><h3 class=\"porto-sicon-title\" style=\"font-weight:600;font-size:20px;color:#14184b;\">Rinas<\/h3><p>100m nga dalja e terminalit<\/p><\/div> <!-- header --><\/div><!-- porto-sicon-box --><\/a><\/div><\/div>[\/vc_column][vc_column width=&#8221;1\/4&#8243; offset=&#8221;vc_col-xs-6&#8243; conditional_render=&#8221;%5B%7B%22value_role%22%3A%22administrator%22%7D%5D&#8221;]<div class=\"porto-ultimate-content-box-container \"><div class=\"porto-ultimate-content-box vc_custom_1710586049174 porto_ucb_0061adbde3a19552265370abd0b4c716\" style=\"background-color:#f1f5fa;\" data-bg=\"#f1f5fa\"><a aria-label=\"Mob\" class=\"porto-sicon-box-link\" href=\"tel:+355695737939\"><div class=\"porto-sicon-box  vc_custom_1710586359956 movetop  wpb_custom_8564209f51b2e3afcfccd4c926bda075 style_2 top-icon\"><div class=\"porto-sicon-top\"><div class=\"porto-just-icon-wrapper porto-icon square\" style=\"color:#ffffff;background:#3cbd46;font-size:36px;\"><i class=\"Simple-Line-Icons-screen-smartphone\"><\/i><\/div><\/div><div class=\"porto-sicon-header\"><h3 class=\"porto-sicon-title\" style=\"font-weight:600;font-size:20px;color:#14184b;\">Mob<\/h3><p>+355 69 573 7939<\/p><\/div> <!-- header --><\/div><!-- porto-sicon-box --><\/a><\/div><\/div>[\/vc_column][vc_column width=&#8221;1\/4&#8243; offset=&#8221;vc_col-xs-6&#8243; conditional_render=&#8221;%5B%7B%22value_role%22%3A%22administrator%22%7D%5D&#8221;]<div class=\"porto-ultimate-content-box-container \"><div class=\"porto-ultimate-content-box vc_custom_1710585920104 porto_ucb_0061adbde3a19552265370abd0b4c716\" style=\"background-color:#f1f5fa;\" data-bg=\"#f1f5fa\"><a aria-label=\"Email\" class=\"porto-sicon-box-link\" href=\"mailto:rent.gazheli@gmail.com\"><div class=\"porto-sicon-box  vc_custom_1710586379680 movetop  wpb_custom_8564209f51b2e3afcfccd4c926bda075 style_2 top-icon\"><div class=\"porto-sicon-top\"><div class=\"porto-just-icon-wrapper porto-icon square\" style=\"color:#ffffff;background:#253241;font-size:36px;\"><i class=\"Simple-Line-Icons-location-pin\"><\/i><\/div><\/div><div class=\"porto-sicon-header\"><h3 class=\"porto-sicon-title\" style=\"font-weight:600;font-size:20px;color:#14184b;\">Email<\/h3><p>rent.gazheli@gmail.com<\/p><\/div> <!-- header --><\/div><!-- porto-sicon-box --><\/a><\/div><\/div>[\/vc_column][\/vc_row][vc_row wrap_container=&#8221;yes&#8221; gap=&#8221;35&#8243; el_class=&#8221;pb-3 mb-4 justify-content-center&#8221; conditional_render=&#8221;%5B%7B%22value_role%22%3A%22administrator%22%7D%5D&#8221;][vc_column width=&#8221;1\/2&#8243; el_class=&#8221;mb-5 mb-lg-0&#8243;][vc_custom_heading text=&#8221;<mark>Tirana<\/mark>&#8221; font_container=&#8221;tag:h3|font_size:1.8em|text_align:center|line_height:60px&#8221; use_theme_fonts=&#8221;yes&#8221; letter_spacing=&#8221;0&#8243; animation_delay=&#8221;200&#8243; css=&#8221;.vc_custom_1710604212279{margin-bottom: 15px !important;}&#8221;][vc_raw_html]PGlmcmFtZSBzcmM9Imh0dHBzOi8vd3d3Lmdvb2dsZS5jb20vbWFwcy9lbWJlZD9wYj0hMW0xNCExbTghMW0zITFkMTAwNzYuNzc3MzE0Njk4MzI3ITJkMTkuODA3ODA3NDExOTQ5NjE0ITNkNDEuMzM0MDA5Mzk0NjM3MjIhM20yITFpMTAyNCEyaTc2OCE0ZjEzLjEhM20zITFtMiExczB4MTM1MDMxZmNlZjFhOTAxMyUzQTB4YThiNjUwNTg0ZDQxMzA0MSEyc0dhemhlbGklMjBSZW50ITVlMCEzbTIhMXNlbiEycyE0djE3MDc5ODE2NDgxOTIhNW0yITFzZW4hMnMiIHdpZHRoPSIxMDAlIiBoZWlnaHQ9IjQ1MCIgc3R5bGU9ImJvcmRlcjowOyIgYWxsb3dmdWxsc2NyZWVuPSIiIGxvYWRpbmc9ImxhenkiIHJlZmVycmVycG9saWN5PSJuby1yZWZlcnJlci13aGVuLWRvd25ncmFkZSI+PC9pZnJhbWU+[\/vc_raw_html][\/vc_column][vc_column width=&#8221;1\/2&#8243; animation_delay=&#8221;2000&#8243;][vc_custom_heading text=&#8221;<mark>Rinas<\/mark>&#8221; font_container=&#8221;tag:h3|font_size:1.8em|text_align:center|line_height:60px&#8221; use_theme_fonts=&#8221;yes&#8221; letter_spacing=&#8221;0&#8243; animation_delay=&#8221;200&#8243; css=&#8221;.vc_custom_1710604224801{margin-bottom: 15px !important;}&#8221;][vc_raw_html]PGlmcmFtZSBzcmM9Imh0dHBzOi8vd3d3Lmdvb2dsZS5jb20vbWFwcy9lbWJlZD9wYj0hMW0xOCExbTEyITFtMyExZDI3NjU2LjQyOTUxMzQzNTA5ITJkMTkuNzE2NzY5OTM5Mjk2ODghM2Q0MS40MTMwMzkyOTk3NjMxODQhMm0zITFmMCEyZjAhM2YwITNtMiExaTEwMjQhMmk3NjghNGYxMy4xITNtMyExbTIhMXMweDEzNTAyZDA3MTJjNTYwN2YlM0EweDUyNTRjMWY2MmQ1Mjg2ZGIhMnNUaXJhbmElMjBJbnRlcm5hdGlvbmFsJTIwQWlycG9ydCE1ZTAhM20yITFzZW4hMnMhNHYxNzEwNTg2OTgyNDM2ITVtMiExc2VuITJzIiB3aWR0aD0iMTAwJSIgaGVpZ2h0PSI0NTAiIHN0eWxlPSJib3JkZXI6MDsiIGFsbG93ZnVsbHNjcmVlbj0iIiBsb2FkaW5nPSJsYXp5IiByZWZlcnJlcnBvbGljeT0ibm8tcmVmZXJyZXItd2hlbi1kb3duZ3JhZGUiPjwvaWZyYW1lPg==[\/vc_raw_html][\/vc_column][\/vc_row][vc_row wrap_container=&#8221;yes&#8221; css=&#8221;.vc_custom_1710603779849{padding-bottom: 50px !important;}&#8221; conditional_render=&#8221;%5B%7B%22value_role%22%3A%22administrator%22%7D%5D&#8221;][vc_column conditional_render=&#8221;%5B%7B%22value_role%22%3A%22administrator%22%7D%5D&#8221; css=&#8221;.vc_custom_1707982133152{margin-bottom: -35px !important;}&#8221;][vc_custom_heading text=&#8221;Dergo <mark>mesazhin<\/mark>&#8221; font_container=&#8221;tag:h2|font_size:1.8em|text_align:center|line_height:60px&#8221; use_theme_fonts=&#8221;yes&#8221; letter_spacing=&#8221;0&#8243; animation_delay=&#8221;200&#8243; css=&#8221;.vc_custom_1710604237874{margin-bottom: 25px !important;}&#8221;]\n<div class=\"wpcf7 no-js\" id=\"wpcf7-f246-o1\" lang=\"en-US\" dir=\"ltr\" data-wpcf7-id=\"246\">\n<div class=\"screen-reader-response\"><p role=\"status\" aria-live=\"polite\" aria-atomic=\"true\"><\/p> <ul><\/ul><\/div>\n<form action=\"\/sq\/wp-json\/wp\/v2\/pages\/1017#wpcf7-f246-o1\" method=\"post\" class=\"wpcf7-form init\" aria-label=\"Contact form\" novalidate=\"novalidate\" data-status=\"init\">\n<fieldset class=\"hidden-fields-container\"><input type=\"hidden\" name=\"_wpcf7\" value=\"246\" \/><input type=\"hidden\" name=\"_wpcf7_version\" value=\"6.1.4\" \/><input type=\"hidden\" name=\"_wpcf7_locale\" value=\"en_US\" \/><input type=\"hidden\" name=\"_wpcf7_unit_tag\" value=\"wpcf7-f246-o1\" \/><input type=\"hidden\" name=\"_wpcf7_container_post\" value=\"0\" \/><input type=\"hidden\" name=\"_wpcf7_posted_data_hash\" value=\"\" \/><input type=\"hidden\" name=\"_wpcf7_recaptcha_response\" value=\"\" \/>\n<\/fieldset>\n<div class=\"row\">\n    <div class=\"col-lg-6 pb-2 m-b-n-xxs\"><div class=\"form-group\"><span class=\"wpcf7-form-control-wrap\" data-name=\"your-name\"><input size=\"40\" maxlength=\"400\" class=\"wpcf7-form-control wpcf7-text wpcf7-validates-as-required form-control\" id=\"contact-name\" aria-required=\"true\" aria-invalid=\"false\" placeholder=\"Full Name\" value=\"\" type=\"text\" name=\"your-name\" \/><\/span><\/div><\/div>\n    <div class=\"col-lg-6 pb-2 m-b-n-xxs\"><div class=\"form-group\"><span class=\"wpcf7-form-control-wrap\" data-name=\"your-email\"><input size=\"40\" maxlength=\"400\" class=\"wpcf7-form-control wpcf7-email wpcf7-validates-as-required wpcf7-text wpcf7-validates-as-email form-control\" id=\"contact-email\" aria-required=\"true\" aria-invalid=\"false\" placeholder=\"Email Address\" value=\"\" type=\"email\" name=\"your-email\" \/><\/span><\/div><\/div>\n    <div class=\"col-lg-12 pb-2\"><div class=\"form-group\"><span class=\"wpcf7-form-control-wrap\" data-name=\"your-message\"><textarea cols=\"40\" rows=\"8\" maxlength=\"2000\" class=\"wpcf7-form-control wpcf7-textarea wpcf7-validates-as-required form-control\" id=\"contact-message\" aria-required=\"true\" aria-invalid=\"false\" placeholder=\"Message\" name=\"your-message\"><\/textarea><\/span><\/div><\/div>\n    <div class=\"col-lg-12\"><div class=\"form-group\"><input class=\"wpcf7-form-control wpcf7-submit has-spinner btn btn-primary\" type=\"submit\" value=\"SEND MESSAGE\" \/><\/div><\/div>\n<\/div><div class=\"wpcf7-response-output\" aria-hidden=\"true\"><\/div>\n<\/form>\n<\/div>\n[\/vc_column][\/vc_row]<\/p>\n<\/div>","protected":false},"excerpt":{"rendered":"<p>[vc_row css=&#8221;.vc_custom_1710607041225{background-image: url(https:\/\/rent.gazheli.al\/wp-content\/uploads\/2024\/03\/gla.jpg?id=638) !important;background-position: center !important;background-repeat: no-repeat !important;background-size: cover !important;}&#8221; conditional_render=&#8221;%5B%7B%22value_role%22%3A%22administrator%22%7D%5D&#8221; el_class=&#8221;banner&#8221;][vc_column][\/vc_column][\/vc_row][vc_row wrap_container=&#8221;yes&#8221; gap=&#8221;35&#8243; is_section=&#8221;yes&#8221; section_skin=&#8221;parallax&#8221; el_class=&#8221;pb-3 mb-4 justify-content-center&#8221; css=&#8221;.vc_custom_1710587907290{padding-top: 90px !important;padding-bottom: 30px !important;}&#8221; conditional_render=&#8221;%5B%7B%22value_role%22%3A%22administrator%22%7D%5D&#8221;][vc_column width=&#8221;1\/4&#8243; el_class=&#8221;mb-5 mb-lg-0&#8243; offset=&#8221;vc_col-xs-6&#8243; conditional_render=&#8221;%5B%7B%22value_role%22%3A%22administrator%22%7D%5D&#8221;][\/vc_column][vc_column width=&#8221;1\/4&#8243; animation_delay=&#8221;2000&#8243; offset=&#8221;vc_col-xs-6&#8243; conditional_render=&#8221;%5B%7B%22value_role%22%3A%22administrator%22%7D%5D&#8221;][\/vc_column][vc_column width=&#8221;1\/4&#8243; offset=&#8221;vc_col-xs-6&#8243; conditional_render=&#8221;%5B%7B%22value_role%22%3A%22administrator%22%7D%5D&#8221;][\/vc_column][vc_column width=&#8221;1\/4&#8243; offset=&#8221;vc_col-xs-6&#8243; conditional_render=&#8221;%5B%7B%22value_role%22%3A%22administrator%22%7D%5D&#8221;][\/vc_column][\/vc_row][vc_row wrap_container=&#8221;yes&#8221; gap=&#8221;35&#8243; el_class=&#8221;pb-3 mb-4 justify-content-center&#8221; conditional_render=&#8221;%5B%7B%22value_role%22%3A%22administrator%22%7D%5D&#8221;][vc_column width=&#8221;1\/2&#8243; el_class=&#8221;mb-5 mb-lg-0&#8243;][vc_custom_heading text=&#8221;Tirana&#8221; font_container=&#8221;tag:h3|font_size:1.8em|text_align:center|line_height:60px&#8221; use_theme_fonts=&#8221;yes&#8221; letter_spacing=&#8221;0&#8243; animation_delay=&#8221;200&#8243; css=&#8221;.vc_custom_1710604212279{margin-bottom: [&hellip;]<\/p>\n","protected":false},"author":1,"featured_media":0,"parent":0,"menu_order":0,"comment_status":"closed","ping_status":"closed","template":"","meta":{"footnotes":""},"class_list":["post-1017","page","type-page","status-publish","hentry"],"yoast_head":"<!-- This site is optimized with the Yoast SEO plugin v26.7 - https:\/\/yoast.com\/wordpress\/plugins\/seo\/ -->\n<title>Kontakti - Gazheli Rent<\/title>\n<meta name=\"description\" content=\"Na kontaktoni sot p\u00ebr t\u00eb rezervuar p\u00ebrvoj\u00ebn tuaj t\u00eb marrjes me qira t\u00eb makinave. Ekipi yn\u00eb \u00ebsht\u00eb k\u00ebtu p\u00ebr t&#039;ju ndihmuar n\u00eb \u00e7do hap t\u00eb rrug\u00ebs.\" \/>\n<meta name=\"robots\" content=\"index, follow, max-snippet:-1, max-image-preview:large, max-video-preview:-1\" \/>\n<link rel=\"canonical\" href=\"https:\/\/rent.gazheli.al\/sq\/kontakti\/\" \/>\n<meta property=\"og:locale\" content=\"sq_AL\" \/>\n<meta property=\"og:type\" content=\"article\" \/>\n<meta property=\"og:title\" content=\"Kontakti - Gazheli Rent\" \/>\n<meta property=\"og:description\" content=\"Na kontaktoni sot p\u00ebr t\u00eb rezervuar p\u00ebrvoj\u00ebn tuaj t\u00eb marrjes me qira t\u00eb makinave. Ekipi yn\u00eb \u00ebsht\u00eb k\u00ebtu p\u00ebr t&#039;ju ndihmuar n\u00eb \u00e7do hap t\u00eb rrug\u00ebs.\" \/>\n<meta property=\"og:url\" content=\"https:\/\/rent.gazheli.al\/sq\/kontakti\/\" \/>\n<meta property=\"og:site_name\" content=\"Gazheli Rent\" \/>\n<meta property=\"article:publisher\" content=\"https:\/\/www.facebook.com\/GazheliRent\/\" \/>\n<meta property=\"article:modified_time\" content=\"2024-03-25T11:39:39+00:00\" \/>\n<meta name=\"twitter:card\" content=\"summary_large_image\" \/>\n<meta name=\"twitter:label1\" content=\"Est. reading time\" \/>\n\t<meta name=\"twitter:data1\" content=\"2 minutes\" \/>\n<script type=\"application\/ld+json\" class=\"yoast-schema-graph\">{\"@context\":\"https:\/\/schema.org\",\"@graph\":[{\"@type\":\"WebPage\",\"@id\":\"https:\/\/rent.gazheli.al\/sq\/kontakti\/\",\"url\":\"https:\/\/rent.gazheli.al\/sq\/kontakti\/\",\"name\":\"Kontakti - Gazheli Rent\",\"isPartOf\":{\"@id\":\"https:\/\/rent.gazheli.al\/sq\/#website\"},\"datePublished\":\"2024-02-13T06:32:19+00:00\",\"dateModified\":\"2024-03-25T11:39:39+00:00\",\"description\":\"Na kontaktoni sot p\u00ebr t\u00eb rezervuar p\u00ebrvoj\u00ebn tuaj t\u00eb marrjes me qira t\u00eb makinave. Ekipi yn\u00eb \u00ebsht\u00eb k\u00ebtu p\u00ebr t'ju ndihmuar n\u00eb \u00e7do hap t\u00eb rrug\u00ebs.\",\"breadcrumb\":{\"@id\":\"https:\/\/rent.gazheli.al\/sq\/kontakti\/#breadcrumb\"},\"inLanguage\":\"sq-AL\",\"potentialAction\":[{\"@type\":\"ReadAction\",\"target\":[\"https:\/\/rent.gazheli.al\/sq\/kontakti\/\"]}]},{\"@type\":\"BreadcrumbList\",\"@id\":\"https:\/\/rent.gazheli.al\/sq\/kontakti\/#breadcrumb\",\"itemListElement\":[{\"@type\":\"ListItem\",\"position\":1,\"name\":\"Home\",\"item\":\"https:\/\/rent.gazheli.al\/sq\/\"},{\"@type\":\"ListItem\",\"position\":2,\"name\":\"Kontakti\"}]},{\"@type\":\"WebSite\",\"@id\":\"https:\/\/rent.gazheli.al\/sq\/#website\",\"url\":\"https:\/\/rent.gazheli.al\/sq\/\",\"name\":\"Gazheli Rent\",\"description\":\"Best Rental Experience\",\"publisher\":{\"@id\":\"https:\/\/rent.gazheli.al\/sq\/#organization\"},\"potentialAction\":[{\"@type\":\"SearchAction\",\"target\":{\"@type\":\"EntryPoint\",\"urlTemplate\":\"https:\/\/rent.gazheli.al\/sq\/?s={search_term_string}\"},\"query-input\":{\"@type\":\"PropertyValueSpecification\",\"valueRequired\":true,\"valueName\":\"search_term_string\"}}],\"inLanguage\":\"sq-AL\"},{\"@type\":\"Organization\",\"@id\":\"https:\/\/rent.gazheli.al\/sq\/#organization\",\"name\":\"Gazheli Rent\",\"url\":\"https:\/\/rent.gazheli.al\/sq\/\",\"logo\":{\"@type\":\"ImageObject\",\"inLanguage\":\"sq-AL\",\"@id\":\"https:\/\/rent.gazheli.al\/sq\/#\/schema\/logo\/image\/\",\"url\":\"https:\/\/rent.gazheli.al\/wp-content\/uploads\/2024\/02\/gazhelilogo-01.svg\",\"contentUrl\":\"https:\/\/rent.gazheli.al\/wp-content\/uploads\/2024\/02\/gazhelilogo-01.svg\",\"width\":2120,\"height\":831,\"caption\":\"Gazheli Rent\"},\"image\":{\"@id\":\"https:\/\/rent.gazheli.al\/sq\/#\/schema\/logo\/image\/\"},\"sameAs\":[\"https:\/\/www.facebook.com\/GazheliRent\/\",\"https:\/\/www.instagram.com\/gazhelirent\",\"https:\/\/www.tiktok.com\/@gazhelirent\"]}]}<\/script>\n<!-- \/ Yoast SEO plugin. -->","yoast_head_json":{"title":"Kontakti - Gazheli Rent","description":"Na kontaktoni sot p\u00ebr t\u00eb rezervuar p\u00ebrvoj\u00ebn tuaj t\u00eb marrjes me qira t\u00eb makinave. Ekipi yn\u00eb \u00ebsht\u00eb k\u00ebtu p\u00ebr t'ju ndihmuar n\u00eb \u00e7do hap t\u00eb rrug\u00ebs.","robots":{"index":"index","follow":"follow","max-snippet":"max-snippet:-1","max-image-preview":"max-image-preview:large","max-video-preview":"max-video-preview:-1"},"canonical":"https:\/\/rent.gazheli.al\/sq\/kontakti\/","og_locale":"sq_AL","og_type":"article","og_title":"Kontakti - Gazheli Rent","og_description":"Na kontaktoni sot p\u00ebr t\u00eb rezervuar p\u00ebrvoj\u00ebn tuaj t\u00eb marrjes me qira t\u00eb makinave. Ekipi yn\u00eb \u00ebsht\u00eb k\u00ebtu p\u00ebr t'ju ndihmuar n\u00eb \u00e7do hap t\u00eb rrug\u00ebs.","og_url":"https:\/\/rent.gazheli.al\/sq\/kontakti\/","og_site_name":"Gazheli Rent","article_publisher":"https:\/\/www.facebook.com\/GazheliRent\/","article_modified_time":"2024-03-25T11:39:39+00:00","twitter_card":"summary_large_image","twitter_misc":{"Est. reading time":"2 minutes"},"schema":{"@context":"https:\/\/schema.org","@graph":[{"@type":"WebPage","@id":"https:\/\/rent.gazheli.al\/sq\/kontakti\/","url":"https:\/\/rent.gazheli.al\/sq\/kontakti\/","name":"Kontakti - Gazheli Rent","isPartOf":{"@id":"https:\/\/rent.gazheli.al\/sq\/#website"},"datePublished":"2024-02-13T06:32:19+00:00","dateModified":"2024-03-25T11:39:39+00:00","description":"Na kontaktoni sot p\u00ebr t\u00eb rezervuar p\u00ebrvoj\u00ebn tuaj t\u00eb marrjes me qira t\u00eb makinave. Ekipi yn\u00eb \u00ebsht\u00eb k\u00ebtu p\u00ebr t'ju ndihmuar n\u00eb \u00e7do hap t\u00eb rrug\u00ebs.","breadcrumb":{"@id":"https:\/\/rent.gazheli.al\/sq\/kontakti\/#breadcrumb"},"inLanguage":"sq-AL","potentialAction":[{"@type":"ReadAction","target":["https:\/\/rent.gazheli.al\/sq\/kontakti\/"]}]},{"@type":"BreadcrumbList","@id":"https:\/\/rent.gazheli.al\/sq\/kontakti\/#breadcrumb","itemListElement":[{"@type":"ListItem","position":1,"name":"Home","item":"https:\/\/rent.gazheli.al\/sq\/"},{"@type":"ListItem","position":2,"name":"Kontakti"}]},{"@type":"WebSite","@id":"https:\/\/rent.gazheli.al\/sq\/#website","url":"https:\/\/rent.gazheli.al\/sq\/","name":"Gazheli Rent","description":"Best Rental Experience","publisher":{"@id":"https:\/\/rent.gazheli.al\/sq\/#organization"},"potentialAction":[{"@type":"SearchAction","target":{"@type":"EntryPoint","urlTemplate":"https:\/\/rent.gazheli.al\/sq\/?s={search_term_string}"},"query-input":{"@type":"PropertyValueSpecification","valueRequired":true,"valueName":"search_term_string"}}],"inLanguage":"sq-AL"},{"@type":"Organization","@id":"https:\/\/rent.gazheli.al\/sq\/#organization","name":"Gazheli Rent","url":"https:\/\/rent.gazheli.al\/sq\/","logo":{"@type":"ImageObject","inLanguage":"sq-AL","@id":"https:\/\/rent.gazheli.al\/sq\/#\/schema\/logo\/image\/","url":"https:\/\/rent.gazheli.al\/wp-content\/uploads\/2024\/02\/gazhelilogo-01.svg","contentUrl":"https:\/\/rent.gazheli.al\/wp-content\/uploads\/2024\/02\/gazhelilogo-01.svg","width":2120,"height":831,"caption":"Gazheli Rent"},"image":{"@id":"https:\/\/rent.gazheli.al\/sq\/#\/schema\/logo\/image\/"},"sameAs":["https:\/\/www.facebook.com\/GazheliRent\/","https:\/\/www.instagram.com\/gazhelirent","https:\/\/www.tiktok.com\/@gazhelirent"]}]}},"_links":{"self":[{"href":"https:\/\/rent.gazheli.al\/sq\/wp-json\/wp\/v2\/pages\/1017","targetHints":{"allow":["GET"]}}],"collection":[{"href":"https:\/\/rent.gazheli.al\/sq\/wp-json\/wp\/v2\/pages"}],"about":[{"href":"https:\/\/rent.gazheli.al\/sq\/wp-json\/wp\/v2\/types\/page"}],"author":[{"embeddable":true,"href":"https:\/\/rent.gazheli.al\/sq\/wp-json\/wp\/v2\/users\/1"}],"replies":[{"embeddable":true,"href":"https:\/\/rent.gazheli.al\/sq\/wp-json\/wp\/v2\/comments?post=1017"}],"version-history":[{"count":8,"href":"https:\/\/rent.gazheli.al\/sq\/wp-json\/wp\/v2\/pages\/1017\/revisions"}],"predecessor-version":[{"id":1026,"href":"https:\/\/rent.gazheli.al\/sq\/wp-json\/wp\/v2\/pages\/1017\/revisions\/1026"}],"wp:attachment":[{"href":"https:\/\/rent.gazheli.al\/sq\/wp-json\/wp\/v2\/media?parent=1017"}],"curies":[{"name":"wp","href":"https:\/\/api.w.org\/{rel}","templated":true}]}}