{"id":1027,"date":"2024-02-16T15:16:32","date_gmt":"2024-02-16T14:16:32","guid":{"rendered":"https:\/\/rent.gazheli.al\/rreth-nesh\/"},"modified":"2024-03-25T12:35:02","modified_gmt":"2024-03-25T11:35:02","slug":"rreth-nesh","status":"publish","type":"page","link":"https:\/\/rent.gazheli.al\/sq\/rreth-nesh\/","title":{"rendered":"Rreth Nesh"},"content":{"rendered":"<div class=\"wpb-content-wrapper\"><p>[vc_row wrap_container=&#8221;yes&#8221; css=&#8221;.vc_custom_1710606857270{background-image: url(https:\/\/rent.gazheli.al\/wp-content\/uploads\/2024\/02\/page-heading-image.jpg?id=369) !important;background-position: center !important;background-repeat: no-repeat !important;background-size: cover !important;}&#8221; conditional_render=&#8221;%5B%7B%22value_role%22%3A%22administrator%22%7D%5D&#8221; el_class=&#8221;banner&#8221;][vc_column]<div class=\"porto-u-heading  wpb_custom_1d577cd536ffda6eaaa8c246759a8d64 porto-u-55ca8359258f9a412be7e73af65d2aac \"><div class=\"porto-u-main-heading\"><h2   style=\"color:#ffffff;\">Rreth Nesh<\/h2><\/div><style>.porto-u-55ca8359258f9a412be7e73af65d2aac.porto-u-heading{text-align:center}<\/style><\/div>[\/vc_column][\/vc_row][vc_row wrap_container=&#8221;yes&#8221; content_placement=&#8221;middle&#8221; is_section=&#8221;yes&#8221; section_skin=&#8221;parallax&#8221; conditional_render=&#8221;%5B%7B%22value_role%22%3A%22administrator%22%7D%5D&#8221; el_class=&#8221;section1&#8243;][vc_column offset=&#8221;vc_col-md-6&#8243; conditional_render=&#8221;%5B%7B%22value_role%22%3A%22administrator%22%7D%5D&#8221;][vc_row_inner][vc_column_inner width=&#8221;10\/12&#8243;][vc_custom_heading text=&#8221;RRETH NESH&#8221; font_container=&#8221;tag:p|font_size:1.0em|text_align:left|color:%23000000|line_height:1.5em&#8221; use_theme_fonts=&#8221;yes&#8221; font_weight=&#8221;500&#8243; animation_delay=&#8221;300&#8243; css=&#8221;.vc_custom_1710606148285{margin-bottom: 15px !important;}&#8221;][vc_custom_heading text=&#8221;Pse te zgjedhim <mark>Gazheli Rent<\/mark>?&#8221; font_container=&#8221;tag:h2|font_size:2.7em|text_align:left|line_height:1.2&#8243; google_fonts=&#8221;font_family:Montserrat%3Aregular%2C700|font_style:400%20regular%3A400%3Anormal&#8221; font_weight=&#8221;700&#8243; letter_spacing=&#8221;0&#8243; animation_delay=&#8221;200&#8243;][vc_custom_heading text=&#8221;Zbulo aventur\u00ebn dhe lirin\u00eb e udh\u00ebtimit me gam\u00ebn ton\u00eb t\u00eb gjer\u00eb t\u00eb makinave me qera. N\u00eb Gazheli Rent, ne ofrojm\u00eb nj\u00eb flot\u00eb t\u00eb larmishme automjetesh t\u00eb mir\u00ebmbajtura q\u00eb i p\u00ebrshtaten \u00e7do nevoje dhe preference.<\/p>\n<p>Shijoni komoditetin e sh\u00ebrbimeve t\u00eb marrjes dhe dor\u00ebzimit, duke ju ofruar fleksibilitet dhe duke ju kursyer koh\u00eb t\u00eb vlefshme.&#8221; font_container=&#8221;tag:p|font_size:15.4px|text_align:left&#8221; use_theme_fonts=&#8221;yes&#8221; animation_duration=&#8221;0&#8243; css=&#8221;.vc_custom_1710606484641{margin-bottom: 20px !important;}&#8221;][\/vc_column_inner][\/vc_row_inner][\/vc_column][vc_column width=&#8221;5\/6&#8243; el_class=&#8221;mb-5 mb-lg-0&#8243; offset=&#8221;vc_col-md-6&#8243;][vc_single_image image=&#8221;249&#8243; img_size=&#8221;full&#8221; label=&#8221;&#8221; css=&#8221;.vc_custom_1710606020803{border-radius: 5px !important;}&#8221;][\/vc_column][\/vc_row][vc_row wrap_container=&#8221;yes&#8221; conditional_render=&#8221;%5B%7B%22value_role%22%3A%22administrator%22%7D%5D&#8221; el_class=&#8221;section2&#8243; css=&#8221;.vc_custom_1710605840939{margin-bottom: 40px !important;}&#8221;][vc_column][vc_row_inner css=&#8221;.vc_custom_1709454320825{padding-top: 50px !important;}&#8221;][vc_column_inner el_class=&#8221;padd-pc&#8221; width=&#8221;1\/3&#8243; css=&#8221;.vc_custom_1709454122339{border-right-width: 1px !important;border-right-color: #c9c9c9 !important;border-right-style: solid !important;}&#8221;]<div class=\"porto-sicon-box  wpb_custom_12b57aa2caeac9911191e551423003a7 style_1 top-icon\"><div class=\"porto-sicon-top\"><div class=\"porto-just-icon-wrapper porto-sicon-img  porto-icon-9f5d1cfb45d27d96b50bf473aebba227\" style=\"font-size: 48px;\"><img loading=\"lazy\" decoding=\"async\" class=\"img-icon\" alt=\"\" src=\"https:\/\/rent.gazheli.al\/wp-content\/uploads\/2024\/03\/car-key.svg\" width=\"512\" height=\"512\" \/><\/div><\/div><div class=\"porto-sicon-header\"><h3 class=\"porto-sicon-title\" style=\"\">Sh\u00ebrbimet e Klasit t\u00eb Par\u00eb<\/h3><\/div> <!-- header --><div class=\"porto-sicon-description\" style=\"\">\n<p style=\"text-align: center;\">N\u00eb vendin ku eleganca p\u00ebrputhet me kujdesin e jasht\u00ebzakonsh\u00ebm, duke krijuar momente t\u00eb paharrueshme dhe duke l\u00ebn\u00eb pas \u00e7do pritshm\u00ebri.<\/p>\n<p><\/div> <!-- description --><\/div><!-- porto-sicon-box -->[\/vc_column_inner][vc_column_inner el_class=&#8221;padd-pc&#8221; width=&#8221;1\/3&#8243; css=&#8221;.vc_custom_1709454212716{border-right-width: 1px !important;border-right-color: #c9c9c9 !important;border-right-style: solid !important;}&#8221;]<div class=\"porto-sicon-box  wpb_custom_12b57aa2caeac9911191e551423003a7 style_1 top-icon\"><div class=\"porto-sicon-top\"><div class=\"porto-just-icon-wrapper porto-sicon-img  porto-icon-9f5d1cfb45d27d96b50bf473aebba227\" style=\"font-size: 58px;\"><img loading=\"lazy\" decoding=\"async\" class=\"img-icon\" alt=\"\" src=\"https:\/\/rent.gazheli.al\/wp-content\/uploads\/2024\/03\/tow-truck.svg\" width=\"512\" height=\"512\" \/><\/div><\/div><div class=\"porto-sicon-header\"><h3 class=\"porto-sicon-title\" style=\"\">Asistenc\u00eb Rrugore 24\/7<\/h3><\/div> <!-- header --><div class=\"porto-sicon-description\" style=\"\">\n<p style=\"text-align: center;\">Nj\u00eb mb\u00ebshtetje e besueshme p\u00ebr klient\u00ebt e Gazheli Rent, duke i p\u00ebrkrahur ata p\u00ebr t\u00eb q\u00ebndruar aktiv\u00eb dhe t\u00eb sigurt n\u00eb rrug\u00eb.<\/p>\n<p><\/div> <!-- description --><\/div><!-- porto-sicon-box -->[\/vc_column_inner][vc_column_inner el_class=&#8221;padd-pc&#8221; width=&#8221;1\/3&#8243;]<div class=\"porto-sicon-box  wpb_custom_12b57aa2caeac9911191e551423003a7 style_1 top-icon\"><div class=\"porto-sicon-top\"><div class=\"porto-just-icon-wrapper porto-sicon-img  porto-icon-9f5d1cfb45d27d96b50bf473aebba227\" style=\"font-size: 46px;\"><img loading=\"lazy\" decoding=\"async\" class=\"img-icon\" alt=\"\" src=\"https:\/\/rent.gazheli.al\/wp-content\/uploads\/2024\/03\/location-1.svg\" width=\"512\" height=\"512\" \/><\/div><\/div><div class=\"porto-sicon-header\"><h3 class=\"porto-sicon-title\" style=\"\">Marrje &amp; Dor\u00ebzimi Falas<\/h3><\/div> <!-- header --><div class=\"porto-sicon-description\" style=\"\">\n<p style=\"text-align: center;\">Shijoni sh\u00ebrbimet e marrjes dhe d\u00ebrges\u00ebs falas, duke shtuar nj\u00eb shtes\u00eb leht\u00ebsie n\u00eb p\u00ebrvoj\u00ebn tuaj t\u00eb marrjes me qera t\u00eb makin\u00ebs q\u00eb d\u00ebshironi.<\/p>\n<p><\/div> <!-- description --><\/div><!-- porto-sicon-box -->[\/vc_column_inner][\/vc_row_inner][\/vc_column][\/vc_row][vc_row el_class=&#8221;carshome&#8221; conditional_render=&#8221;%5B%7B%22value_role%22%3A%22administrator%22%7D%5D&#8221; css=&#8221;.vc_custom_1710605591075{padding-top: 90px !important;padding-bottom: 50px !important;background-color: #e8e8e8 !important;}&#8221;][vc_column][vc_row_inner wrap_container=&#8221;yes&#8221;][vc_column_inner][porto_tb_posts post_type=&#8221;product&#8221; view=&#8221;slider&#8221; columns=&#8221;3&#8243; columns_tablet=&#8221;4&#8243; columns_mobile=&#8221;1&#8243; navigation=&#8221;&#8221; pagination=&#8221;yes&#8221; dots_visible=&#8221;{&#8220;xl&#8220;:&#8220;block&#8220;}&#8221; enable_flick=&#8221;yes&#8221; flick_opacity=&#8221;0.5&#8243; builder_id=&#8221;255&#8243; count=&#8221;10&#8243; el_class=&#8221;cars&#8221;][\/vc_column_inner][\/vc_row_inner][\/vc_column][\/vc_row]<\/p>\n<\/div>","protected":false},"excerpt":{"rendered":"<p>[vc_row wrap_container=&#8221;yes&#8221; css=&#8221;.vc_custom_1710606857270{background-image: url(https:\/\/rent.gazheli.al\/wp-content\/uploads\/2024\/02\/page-heading-image.jpg?id=369) !important;background-position: center !important;background-repeat: no-repeat !important;background-size: cover !important;}&#8221; conditional_render=&#8221;%5B%7B%22value_role%22%3A%22administrator%22%7D%5D&#8221; el_class=&#8221;banner&#8221;][vc_column][\/vc_column][\/vc_row][vc_row wrap_container=&#8221;yes&#8221; content_placement=&#8221;middle&#8221; is_section=&#8221;yes&#8221; section_skin=&#8221;parallax&#8221; conditional_render=&#8221;%5B%7B%22value_role%22%3A%22administrator%22%7D%5D&#8221; el_class=&#8221;section1&#8243;][vc_column offset=&#8221;vc_col-md-6&#8243; conditional_render=&#8221;%5B%7B%22value_role%22%3A%22administrator%22%7D%5D&#8221;][vc_row_inner][vc_column_inner width=&#8221;10\/12&#8243;][vc_custom_heading text=&#8221;RRETH NESH&#8221; font_container=&#8221;tag:p|font_size:1.0em|text_align:left|color:%23000000|line_height:1.5em&#8221; use_theme_fonts=&#8221;yes&#8221; font_weight=&#8221;500&#8243; animation_delay=&#8221;300&#8243; css=&#8221;.vc_custom_1710606148285{margin-bottom: 15px !important;}&#8221;][vc_custom_heading text=&#8221;Pse te zgjedhim Gazheli Rent?&#8221; font_container=&#8221;tag:h2|font_size:2.7em|text_align:left|line_height:1.2&#8243; google_fonts=&#8221;font_family:Montserrat%3Aregular%2C700|font_style:400%20regular%3A400%3Anormal&#8221; font_weight=&#8221;700&#8243; letter_spacing=&#8221;0&#8243; animation_delay=&#8221;200&#8243;][vc_custom_heading text=&#8221;Zbulo aventur\u00ebn dhe lirin\u00eb e udh\u00ebtimit me gam\u00ebn ton\u00eb t\u00eb gjer\u00eb t\u00eb makinave me [&hellip;]<\/p>\n","protected":false},"author":1,"featured_media":0,"parent":0,"menu_order":0,"comment_status":"closed","ping_status":"closed","template":"","meta":{"footnotes":""},"class_list":["post-1027","page","type-page","status-publish","hentry"],"yoast_head":"<!-- This site is optimized with the Yoast SEO plugin v26.7 - https:\/\/yoast.com\/wordpress\/plugins\/seo\/ -->\n<title>Rreth Nesh - Gazheli Rent<\/title>\n<meta name=\"description\" content=\"Zbulo flot\u00ebn ton\u00eb t\u00eb makinave me qera. N\u00eb Gazheli Rent, ne ofrojm\u00eb nj\u00eb larmishm\u00ebri t\u00eb automjeteve q\u00eb i p\u00ebrshtaten \u00e7do nevoje dhe preference.\" \/>\n<meta name=\"robots\" content=\"index, follow, max-snippet:-1, max-image-preview:large, max-video-preview:-1\" \/>\n<link rel=\"canonical\" href=\"https:\/\/rent.gazheli.al\/sq\/rreth-nesh\/\" \/>\n<meta property=\"og:locale\" content=\"sq_AL\" \/>\n<meta property=\"og:type\" content=\"article\" \/>\n<meta property=\"og:title\" content=\"Rreth Nesh - Gazheli Rent\" \/>\n<meta property=\"og:description\" content=\"Zbulo flot\u00ebn ton\u00eb t\u00eb makinave me qera. N\u00eb Gazheli Rent, ne ofrojm\u00eb nj\u00eb larmishm\u00ebri t\u00eb automjeteve q\u00eb i p\u00ebrshtaten \u00e7do nevoje dhe preference.\" \/>\n<meta property=\"og:url\" content=\"https:\/\/rent.gazheli.al\/sq\/rreth-nesh\/\" \/>\n<meta property=\"og:site_name\" content=\"Gazheli Rent\" \/>\n<meta property=\"article:publisher\" content=\"https:\/\/www.facebook.com\/GazheliRent\/\" \/>\n<meta property=\"article:modified_time\" content=\"2024-03-25T11:35:02+00:00\" \/>\n<meta name=\"twitter:card\" content=\"summary_large_image\" \/>\n<meta name=\"twitter:label1\" content=\"Est. reading time\" \/>\n\t<meta name=\"twitter:data1\" content=\"2 minutes\" \/>\n<script type=\"application\/ld+json\" class=\"yoast-schema-graph\">{\"@context\":\"https:\/\/schema.org\",\"@graph\":[{\"@type\":\"WebPage\",\"@id\":\"https:\/\/rent.gazheli.al\/sq\/rreth-nesh\/\",\"url\":\"https:\/\/rent.gazheli.al\/sq\/rreth-nesh\/\",\"name\":\"Rreth Nesh - Gazheli Rent\",\"isPartOf\":{\"@id\":\"https:\/\/rent.gazheli.al\/sq\/#website\"},\"datePublished\":\"2024-02-16T14:16:32+00:00\",\"dateModified\":\"2024-03-25T11:35:02+00:00\",\"description\":\"Zbulo flot\u00ebn ton\u00eb t\u00eb makinave me qera. N\u00eb Gazheli Rent, ne ofrojm\u00eb nj\u00eb larmishm\u00ebri t\u00eb automjeteve q\u00eb i p\u00ebrshtaten \u00e7do nevoje dhe preference.\",\"breadcrumb\":{\"@id\":\"https:\/\/rent.gazheli.al\/sq\/rreth-nesh\/#breadcrumb\"},\"inLanguage\":\"sq-AL\",\"potentialAction\":[{\"@type\":\"ReadAction\",\"target\":[\"https:\/\/rent.gazheli.al\/sq\/rreth-nesh\/\"]}]},{\"@type\":\"BreadcrumbList\",\"@id\":\"https:\/\/rent.gazheli.al\/sq\/rreth-nesh\/#breadcrumb\",\"itemListElement\":[{\"@type\":\"ListItem\",\"position\":1,\"name\":\"Home\",\"item\":\"https:\/\/rent.gazheli.al\/sq\/\"},{\"@type\":\"ListItem\",\"position\":2,\"name\":\"Rreth Nesh\"}]},{\"@type\":\"WebSite\",\"@id\":\"https:\/\/rent.gazheli.al\/sq\/#website\",\"url\":\"https:\/\/rent.gazheli.al\/sq\/\",\"name\":\"Gazheli Rent\",\"description\":\"Best Rental Experience\",\"publisher\":{\"@id\":\"https:\/\/rent.gazheli.al\/sq\/#organization\"},\"potentialAction\":[{\"@type\":\"SearchAction\",\"target\":{\"@type\":\"EntryPoint\",\"urlTemplate\":\"https:\/\/rent.gazheli.al\/sq\/?s={search_term_string}\"},\"query-input\":{\"@type\":\"PropertyValueSpecification\",\"valueRequired\":true,\"valueName\":\"search_term_string\"}}],\"inLanguage\":\"sq-AL\"},{\"@type\":\"Organization\",\"@id\":\"https:\/\/rent.gazheli.al\/sq\/#organization\",\"name\":\"Gazheli Rent\",\"url\":\"https:\/\/rent.gazheli.al\/sq\/\",\"logo\":{\"@type\":\"ImageObject\",\"inLanguage\":\"sq-AL\",\"@id\":\"https:\/\/rent.gazheli.al\/sq\/#\/schema\/logo\/image\/\",\"url\":\"https:\/\/rent.gazheli.al\/wp-content\/uploads\/2024\/02\/gazhelilogo-01.svg\",\"contentUrl\":\"https:\/\/rent.gazheli.al\/wp-content\/uploads\/2024\/02\/gazhelilogo-01.svg\",\"width\":2120,\"height\":831,\"caption\":\"Gazheli Rent\"},\"image\":{\"@id\":\"https:\/\/rent.gazheli.al\/sq\/#\/schema\/logo\/image\/\"},\"sameAs\":[\"https:\/\/www.facebook.com\/GazheliRent\/\",\"https:\/\/www.instagram.com\/gazhelirent\",\"https:\/\/www.tiktok.com\/@gazhelirent\"]}]}<\/script>\n<!-- \/ Yoast SEO plugin. -->","yoast_head_json":{"title":"Rreth Nesh - Gazheli Rent","description":"Zbulo flot\u00ebn ton\u00eb t\u00eb makinave me qera. N\u00eb Gazheli Rent, ne ofrojm\u00eb nj\u00eb larmishm\u00ebri t\u00eb automjeteve q\u00eb i p\u00ebrshtaten \u00e7do nevoje dhe preference.","robots":{"index":"index","follow":"follow","max-snippet":"max-snippet:-1","max-image-preview":"max-image-preview:large","max-video-preview":"max-video-preview:-1"},"canonical":"https:\/\/rent.gazheli.al\/sq\/rreth-nesh\/","og_locale":"sq_AL","og_type":"article","og_title":"Rreth Nesh - Gazheli Rent","og_description":"Zbulo flot\u00ebn ton\u00eb t\u00eb makinave me qera. N\u00eb Gazheli Rent, ne ofrojm\u00eb nj\u00eb larmishm\u00ebri t\u00eb automjeteve q\u00eb i p\u00ebrshtaten \u00e7do nevoje dhe preference.","og_url":"https:\/\/rent.gazheli.al\/sq\/rreth-nesh\/","og_site_name":"Gazheli Rent","article_publisher":"https:\/\/www.facebook.com\/GazheliRent\/","article_modified_time":"2024-03-25T11:35:02+00:00","twitter_card":"summary_large_image","twitter_misc":{"Est. reading time":"2 minutes"},"schema":{"@context":"https:\/\/schema.org","@graph":[{"@type":"WebPage","@id":"https:\/\/rent.gazheli.al\/sq\/rreth-nesh\/","url":"https:\/\/rent.gazheli.al\/sq\/rreth-nesh\/","name":"Rreth Nesh - Gazheli Rent","isPartOf":{"@id":"https:\/\/rent.gazheli.al\/sq\/#website"},"datePublished":"2024-02-16T14:16:32+00:00","dateModified":"2024-03-25T11:35:02+00:00","description":"Zbulo flot\u00ebn ton\u00eb t\u00eb makinave me qera. N\u00eb Gazheli Rent, ne ofrojm\u00eb nj\u00eb larmishm\u00ebri t\u00eb automjeteve q\u00eb i p\u00ebrshtaten \u00e7do nevoje dhe preference.","breadcrumb":{"@id":"https:\/\/rent.gazheli.al\/sq\/rreth-nesh\/#breadcrumb"},"inLanguage":"sq-AL","potentialAction":[{"@type":"ReadAction","target":["https:\/\/rent.gazheli.al\/sq\/rreth-nesh\/"]}]},{"@type":"BreadcrumbList","@id":"https:\/\/rent.gazheli.al\/sq\/rreth-nesh\/#breadcrumb","itemListElement":[{"@type":"ListItem","position":1,"name":"Home","item":"https:\/\/rent.gazheli.al\/sq\/"},{"@type":"ListItem","position":2,"name":"Rreth Nesh"}]},{"@type":"WebSite","@id":"https:\/\/rent.gazheli.al\/sq\/#website","url":"https:\/\/rent.gazheli.al\/sq\/","name":"Gazheli Rent","description":"Best Rental Experience","publisher":{"@id":"https:\/\/rent.gazheli.al\/sq\/#organization"},"potentialAction":[{"@type":"SearchAction","target":{"@type":"EntryPoint","urlTemplate":"https:\/\/rent.gazheli.al\/sq\/?s={search_term_string}"},"query-input":{"@type":"PropertyValueSpecification","valueRequired":true,"valueName":"search_term_string"}}],"inLanguage":"sq-AL"},{"@type":"Organization","@id":"https:\/\/rent.gazheli.al\/sq\/#organization","name":"Gazheli Rent","url":"https:\/\/rent.gazheli.al\/sq\/","logo":{"@type":"ImageObject","inLanguage":"sq-AL","@id":"https:\/\/rent.gazheli.al\/sq\/#\/schema\/logo\/image\/","url":"https:\/\/rent.gazheli.al\/wp-content\/uploads\/2024\/02\/gazhelilogo-01.svg","contentUrl":"https:\/\/rent.gazheli.al\/wp-content\/uploads\/2024\/02\/gazhelilogo-01.svg","width":2120,"height":831,"caption":"Gazheli Rent"},"image":{"@id":"https:\/\/rent.gazheli.al\/sq\/#\/schema\/logo\/image\/"},"sameAs":["https:\/\/www.facebook.com\/GazheliRent\/","https:\/\/www.instagram.com\/gazhelirent","https:\/\/www.tiktok.com\/@gazhelirent"]}]}},"_links":{"self":[{"href":"https:\/\/rent.gazheli.al\/sq\/wp-json\/wp\/v2\/pages\/1027","targetHints":{"allow":["GET"]}}],"collection":[{"href":"https:\/\/rent.gazheli.al\/sq\/wp-json\/wp\/v2\/pages"}],"about":[{"href":"https:\/\/rent.gazheli.al\/sq\/wp-json\/wp\/v2\/types\/page"}],"author":[{"embeddable":true,"href":"https:\/\/rent.gazheli.al\/sq\/wp-json\/wp\/v2\/users\/1"}],"replies":[{"embeddable":true,"href":"https:\/\/rent.gazheli.al\/sq\/wp-json\/wp\/v2\/comments?post=1027"}],"version-history":[{"count":3,"href":"https:\/\/rent.gazheli.al\/sq\/wp-json\/wp\/v2\/pages\/1027\/revisions"}],"predecessor-version":[{"id":1170,"href":"https:\/\/rent.gazheli.al\/sq\/wp-json\/wp\/v2\/pages\/1027\/revisions\/1170"}],"wp:attachment":[{"href":"https:\/\/rent.gazheli.al\/sq\/wp-json\/wp\/v2\/media?parent=1027"}],"curies":[{"name":"wp","href":"https:\/\/api.w.org\/{rel}","templated":true}]}}