{"id":1031,"date":"2024-02-16T15:45:59","date_gmt":"2024-02-16T14:45:59","guid":{"rendered":"https:\/\/rent.gazheli.al\/makinat\/"},"modified":"2024-04-26T16:01:08","modified_gmt":"2024-04-26T14:01:08","slug":"makinat","status":"publish","type":"page","link":"https:\/\/rent.gazheli.al\/sq\/makinat\/","title":{"rendered":"Makinat"},"content":{"rendered":"<div class=\"wpb-content-wrapper\"><p>[vc_row wrap_container=&#8221;yes&#8221; css=&#8221;.vc_custom_1710607413601{background-image: url(https:\/\/rent.gazheli.al\/wp-content\/uploads\/2024\/03\/foto-qytet1.jpg?id=629) !important;background-position: center !important;background-repeat: no-repeat !important;background-size: cover !important;}&#8221; conditional_render=&#8221;%5B%7B%22value_role%22%3A%22administrator%22%7D%5D&#8221; el_class=&#8221;banner&#8221;][vc_column]<div class=\"porto-u-heading  wpb_custom_1d577cd536ffda6eaaa8c246759a8d64 porto-u-55ca8359258f9a412be7e73af65d2aac \"><div class=\"porto-u-main-heading\"><h2   style=\"color:#ffffff;margin-bottom: 20px;\">Zgjidhni makin\u00ebn tuaj<\/h2><\/div><div class=\"porto-u-sub-heading\" style=\"color: #ffffff;\">Eksploroni bot\u00ebn me makinat e Gazheli Rent, duke krijuar aventur\u00ebn tuaj t\u00eb paharrueshme n\u00eb udh\u00ebtim.<\/div><style>.porto-u-55ca8359258f9a412be7e73af65d2aac.porto-u-heading{text-align:center}<\/style><\/div>[\/vc_column][\/vc_row][vc_row wrap_container=&#8221;yes&#8221; is_section=&#8221;yes&#8221; section_skin=&#8221;parallax&#8221; remove_border=&#8221;yes&#8221; conditional_render=&#8221;%5B%7B%22value_role%22%3A%22administrator%22%7D%5D&#8221; el_class=&#8221;carshome&#8221;][vc_column][porto_tb_posts post_type=&#8221;product&#8221; columns=&#8221;3&#8243; columns_tablet=&#8221;2&#8243; columns_mobile=&#8221;1&#8243; builder_id=&#8221;255&#8243; count=&#8221;30&#8243;][\/vc_column][\/vc_row]<\/p>\n<\/div>","protected":false},"excerpt":{"rendered":"<p>[vc_row wrap_container=&#8221;yes&#8221; css=&#8221;.vc_custom_1710607413601{background-image: url(https:\/\/rent.gazheli.al\/wp-content\/uploads\/2024\/03\/foto-qytet1.jpg?id=629) !important;background-position: center !important;background-repeat: no-repeat !important;background-size: cover !important;}&#8221; conditional_render=&#8221;%5B%7B%22value_role%22%3A%22administrator%22%7D%5D&#8221; el_class=&#8221;banner&#8221;][vc_column][\/vc_column][\/vc_row][vc_row wrap_container=&#8221;yes&#8221; is_section=&#8221;yes&#8221; section_skin=&#8221;parallax&#8221; remove_border=&#8221;yes&#8221; conditional_render=&#8221;%5B%7B%22value_role%22%3A%22administrator%22%7D%5D&#8221; el_class=&#8221;carshome&#8221;][vc_column][porto_tb_posts post_type=&#8221;product&#8221; columns=&#8221;3&#8243; columns_tablet=&#8221;2&#8243; columns_mobile=&#8221;1&#8243; builder_id=&#8221;255&#8243; count=&#8221;30&#8243;][\/vc_column][\/vc_row]<\/p>\n","protected":false},"author":1,"featured_media":0,"parent":0,"menu_order":0,"comment_status":"closed","ping_status":"closed","template":"","meta":{"footnotes":""},"class_list":["post-1031","page","type-page","status-publish","hentry"],"yoast_head":"<!-- This site is optimized with the Yoast SEO plugin v26.7 - https:\/\/yoast.com\/wordpress\/plugins\/seo\/ -->\n<title>Makinat - Gazheli Rent<\/title>\n<meta name=\"description\" content=\"Zgjidhni makin\u00ebn me qira t\u00eb p\u00ebrshtatshme p\u00ebr ju nga flota jon\u00eb e gjer\u00eb, duke siguruar nj\u00eb p\u00ebrvoj\u00eb t\u00eb paharrueshme.\" \/>\n<meta name=\"robots\" content=\"index, follow, max-snippet:-1, max-image-preview:large, max-video-preview:-1\" \/>\n<link rel=\"canonical\" href=\"https:\/\/rent.gazheli.al\/sq\/makinat\/\" \/>\n<meta property=\"og:locale\" content=\"sq_AL\" \/>\n<meta property=\"og:type\" content=\"article\" \/>\n<meta property=\"og:title\" content=\"Makinat - Gazheli Rent\" \/>\n<meta property=\"og:description\" content=\"Zgjidhni makin\u00ebn me qira t\u00eb p\u00ebrshtatshme p\u00ebr ju nga flota jon\u00eb e gjer\u00eb, duke siguruar nj\u00eb p\u00ebrvoj\u00eb t\u00eb paharrueshme.\" \/>\n<meta property=\"og:url\" content=\"https:\/\/rent.gazheli.al\/sq\/makinat\/\" \/>\n<meta property=\"og:site_name\" content=\"Gazheli Rent\" \/>\n<meta property=\"article:publisher\" content=\"https:\/\/www.facebook.com\/GazheliRent\/\" \/>\n<meta property=\"article:modified_time\" content=\"2024-04-26T14:01:08+00:00\" \/>\n<meta name=\"twitter:card\" content=\"summary_large_image\" \/>\n<meta name=\"twitter:label1\" content=\"Est. reading time\" \/>\n\t<meta name=\"twitter:data1\" content=\"2 minutes\" \/>\n<script type=\"application\/ld+json\" class=\"yoast-schema-graph\">{\"@context\":\"https:\/\/schema.org\",\"@graph\":[{\"@type\":\"WebPage\",\"@id\":\"https:\/\/rent.gazheli.al\/sq\/makinat\/\",\"url\":\"https:\/\/rent.gazheli.al\/sq\/makinat\/\",\"name\":\"Makinat - Gazheli Rent\",\"isPartOf\":{\"@id\":\"https:\/\/rent.gazheli.al\/sq\/#website\"},\"datePublished\":\"2024-02-16T14:45:59+00:00\",\"dateModified\":\"2024-04-26T14:01:08+00:00\",\"description\":\"Zgjidhni makin\u00ebn me qira t\u00eb p\u00ebrshtatshme p\u00ebr ju nga flota jon\u00eb e gjer\u00eb, duke siguruar nj\u00eb p\u00ebrvoj\u00eb t\u00eb paharrueshme.\",\"breadcrumb\":{\"@id\":\"https:\/\/rent.gazheli.al\/sq\/makinat\/#breadcrumb\"},\"inLanguage\":\"sq-AL\",\"potentialAction\":[{\"@type\":\"ReadAction\",\"target\":[\"https:\/\/rent.gazheli.al\/sq\/makinat\/\"]}]},{\"@type\":\"BreadcrumbList\",\"@id\":\"https:\/\/rent.gazheli.al\/sq\/makinat\/#breadcrumb\",\"itemListElement\":[{\"@type\":\"ListItem\",\"position\":1,\"name\":\"Home\",\"item\":\"https:\/\/rent.gazheli.al\/sq\/\"},{\"@type\":\"ListItem\",\"position\":2,\"name\":\"Makinat\"}]},{\"@type\":\"WebSite\",\"@id\":\"https:\/\/rent.gazheli.al\/sq\/#website\",\"url\":\"https:\/\/rent.gazheli.al\/sq\/\",\"name\":\"Gazheli Rent\",\"description\":\"Best Rental Experience\",\"publisher\":{\"@id\":\"https:\/\/rent.gazheli.al\/sq\/#organization\"},\"potentialAction\":[{\"@type\":\"SearchAction\",\"target\":{\"@type\":\"EntryPoint\",\"urlTemplate\":\"https:\/\/rent.gazheli.al\/sq\/?s={search_term_string}\"},\"query-input\":{\"@type\":\"PropertyValueSpecification\",\"valueRequired\":true,\"valueName\":\"search_term_string\"}}],\"inLanguage\":\"sq-AL\"},{\"@type\":\"Organization\",\"@id\":\"https:\/\/rent.gazheli.al\/sq\/#organization\",\"name\":\"Gazheli Rent\",\"url\":\"https:\/\/rent.gazheli.al\/sq\/\",\"logo\":{\"@type\":\"ImageObject\",\"inLanguage\":\"sq-AL\",\"@id\":\"https:\/\/rent.gazheli.al\/sq\/#\/schema\/logo\/image\/\",\"url\":\"https:\/\/rent.gazheli.al\/wp-content\/uploads\/2024\/02\/gazhelilogo-01.svg\",\"contentUrl\":\"https:\/\/rent.gazheli.al\/wp-content\/uploads\/2024\/02\/gazhelilogo-01.svg\",\"width\":2120,\"height\":831,\"caption\":\"Gazheli Rent\"},\"image\":{\"@id\":\"https:\/\/rent.gazheli.al\/sq\/#\/schema\/logo\/image\/\"},\"sameAs\":[\"https:\/\/www.facebook.com\/GazheliRent\/\",\"https:\/\/www.instagram.com\/gazhelirent\",\"https:\/\/www.tiktok.com\/@gazhelirent\"]}]}<\/script>\n<!-- \/ Yoast SEO plugin. -->","yoast_head_json":{"title":"Makinat - Gazheli Rent","description":"Zgjidhni makin\u00ebn me qira t\u00eb p\u00ebrshtatshme p\u00ebr ju nga flota jon\u00eb e gjer\u00eb, duke siguruar nj\u00eb p\u00ebrvoj\u00eb t\u00eb paharrueshme.","robots":{"index":"index","follow":"follow","max-snippet":"max-snippet:-1","max-image-preview":"max-image-preview:large","max-video-preview":"max-video-preview:-1"},"canonical":"https:\/\/rent.gazheli.al\/sq\/makinat\/","og_locale":"sq_AL","og_type":"article","og_title":"Makinat - Gazheli Rent","og_description":"Zgjidhni makin\u00ebn me qira t\u00eb p\u00ebrshtatshme p\u00ebr ju nga flota jon\u00eb e gjer\u00eb, duke siguruar nj\u00eb p\u00ebrvoj\u00eb t\u00eb paharrueshme.","og_url":"https:\/\/rent.gazheli.al\/sq\/makinat\/","og_site_name":"Gazheli Rent","article_publisher":"https:\/\/www.facebook.com\/GazheliRent\/","article_modified_time":"2024-04-26T14:01:08+00:00","twitter_card":"summary_large_image","twitter_misc":{"Est. reading time":"2 minutes"},"schema":{"@context":"https:\/\/schema.org","@graph":[{"@type":"WebPage","@id":"https:\/\/rent.gazheli.al\/sq\/makinat\/","url":"https:\/\/rent.gazheli.al\/sq\/makinat\/","name":"Makinat - Gazheli Rent","isPartOf":{"@id":"https:\/\/rent.gazheli.al\/sq\/#website"},"datePublished":"2024-02-16T14:45:59+00:00","dateModified":"2024-04-26T14:01:08+00:00","description":"Zgjidhni makin\u00ebn me qira t\u00eb p\u00ebrshtatshme p\u00ebr ju nga flota jon\u00eb e gjer\u00eb, duke siguruar nj\u00eb p\u00ebrvoj\u00eb t\u00eb paharrueshme.","breadcrumb":{"@id":"https:\/\/rent.gazheli.al\/sq\/makinat\/#breadcrumb"},"inLanguage":"sq-AL","potentialAction":[{"@type":"ReadAction","target":["https:\/\/rent.gazheli.al\/sq\/makinat\/"]}]},{"@type":"BreadcrumbList","@id":"https:\/\/rent.gazheli.al\/sq\/makinat\/#breadcrumb","itemListElement":[{"@type":"ListItem","position":1,"name":"Home","item":"https:\/\/rent.gazheli.al\/sq\/"},{"@type":"ListItem","position":2,"name":"Makinat"}]},{"@type":"WebSite","@id":"https:\/\/rent.gazheli.al\/sq\/#website","url":"https:\/\/rent.gazheli.al\/sq\/","name":"Gazheli Rent","description":"Best Rental Experience","publisher":{"@id":"https:\/\/rent.gazheli.al\/sq\/#organization"},"potentialAction":[{"@type":"SearchAction","target":{"@type":"EntryPoint","urlTemplate":"https:\/\/rent.gazheli.al\/sq\/?s={search_term_string}"},"query-input":{"@type":"PropertyValueSpecification","valueRequired":true,"valueName":"search_term_string"}}],"inLanguage":"sq-AL"},{"@type":"Organization","@id":"https:\/\/rent.gazheli.al\/sq\/#organization","name":"Gazheli Rent","url":"https:\/\/rent.gazheli.al\/sq\/","logo":{"@type":"ImageObject","inLanguage":"sq-AL","@id":"https:\/\/rent.gazheli.al\/sq\/#\/schema\/logo\/image\/","url":"https:\/\/rent.gazheli.al\/wp-content\/uploads\/2024\/02\/gazhelilogo-01.svg","contentUrl":"https:\/\/rent.gazheli.al\/wp-content\/uploads\/2024\/02\/gazhelilogo-01.svg","width":2120,"height":831,"caption":"Gazheli Rent"},"image":{"@id":"https:\/\/rent.gazheli.al\/sq\/#\/schema\/logo\/image\/"},"sameAs":["https:\/\/www.facebook.com\/GazheliRent\/","https:\/\/www.instagram.com\/gazhelirent","https:\/\/www.tiktok.com\/@gazhelirent"]}]}},"_links":{"self":[{"href":"https:\/\/rent.gazheli.al\/sq\/wp-json\/wp\/v2\/pages\/1031","targetHints":{"allow":["GET"]}}],"collection":[{"href":"https:\/\/rent.gazheli.al\/sq\/wp-json\/wp\/v2\/pages"}],"about":[{"href":"https:\/\/rent.gazheli.al\/sq\/wp-json\/wp\/v2\/types\/page"}],"author":[{"embeddable":true,"href":"https:\/\/rent.gazheli.al\/sq\/wp-json\/wp\/v2\/users\/1"}],"replies":[{"embeddable":true,"href":"https:\/\/rent.gazheli.al\/sq\/wp-json\/wp\/v2\/comments?post=1031"}],"version-history":[{"count":8,"href":"https:\/\/rent.gazheli.al\/sq\/wp-json\/wp\/v2\/pages\/1031\/revisions"}],"predecessor-version":[{"id":1218,"href":"https:\/\/rent.gazheli.al\/sq\/wp-json\/wp\/v2\/pages\/1031\/revisions\/1218"}],"wp:attachment":[{"href":"https:\/\/rent.gazheli.al\/sq\/wp-json\/wp\/v2\/media?parent=1031"}],"curies":[{"name":"wp","href":"https:\/\/api.w.org\/{rel}","templated":true}]}}